{"id":34,"date":"2018-04-04T15:48:11","date_gmt":"2018-04-04T13:48:11","guid":{"rendered":"http:\/\/copieetcreation.fr\/?page_id=34"},"modified":"2020-03-28T14:39:30","modified_gmt":"2020-03-28T13:39:30","slug":"services","status":"publish","type":"page","link":"https:\/\/copieetcreation.fr\/index.php\/services\/","title":{"rendered":"Services"},"content":{"rendered":"\n<p>Impression rapport et m\u00e9moire, flyers, brochures,  photocopie Noir et Blanc et couleur, reliure, carte de visite, plastification,<\/p>\n\n\n\n<p>Num\u00e9risations de documents<\/p>\n\n\n\n<p><\/p>\n\n\n\n<p><\/p>\n\n\n\n<p>Impression grand format, affiche, vinyle, enseigne, b\u00e2che publicitaire, banderole, <\/p>\n\n\n\n<p><\/p>\n","protected":false},"excerpt":{"rendered":"<p>Impression rapport et m\u00e9moire, flyers, brochures, photocopie Noir et Blanc et couleur, reliure, carte de visite, plastification, Num\u00e9risations de documents Impression grand format, affiche, vinyle, enseigne, b\u00e2che publicitaire, banderole,<\/p>\n","protected":false},"author":1,"featured_media":0,"parent":0,"menu_order":0,"comment_status":"closed","ping_status":"closed","template":"","meta":{"site-sidebar-layout":"default","site-content-layout":"default","ast-global-header-display":"","ast-banner-title-visibility":"","ast-main-header-display":"","ast-hfb-above-header-display":"","ast-hfb-below-header-display":"","ast-hfb-mobile-header-display":"","site-post-title":"","ast-breadcrumbs-content":"","ast-featured-img":"","footer-sml-layout":"","theme-transparent-header-meta":"","adv-header-id-meta":"","stick-header-meta":"","header-above-stick-meta":"","header-main-stick-meta":"","header-below-stick-meta":""},"_links":{"self":[{"href":"https:\/\/copieetcreation.fr\/index.php\/wp-json\/wp\/v2\/pages\/34"}],"collection":[{"href":"https:\/\/copieetcreation.fr\/index.php\/wp-json\/wp\/v2\/pages"}],"about":[{"href":"https:\/\/copieetcreation.fr\/index.php\/wp-json\/wp\/v2\/types\/page"}],"author":[{"embeddable":true,"href":"https:\/\/copieetcreation.fr\/index.php\/wp-json\/wp\/v2\/users\/1"}],"replies":[{"embeddable":true,"href":"https:\/\/copieetcreation.fr\/index.php\/wp-json\/wp\/v2\/comments?post=34"}],"version-history":[{"count":6,"href":"https:\/\/copieetcreation.fr\/index.php\/wp-json\/wp\/v2\/pages\/34\/revisions"}],"predecessor-version":[{"id":136,"href":"https:\/\/copieetcreation.fr\/index.php\/wp-json\/wp\/v2\/pages\/34\/revisions\/136"}],"wp:attachment":[{"href":"https:\/\/copieetcreation.fr\/index.php\/wp-json\/wp\/v2\/media?parent=34"}],"curies":[{"name":"wp","href":"https:\/\/api.w.org\/{rel}","templated":true}]}}