{"id":7,"date":"2018-04-04T14:51:53","date_gmt":"2018-04-04T12:51:53","guid":{"rendered":"http:\/\/copieetcreation.fr\/?page_id=7"},"modified":"2020-03-28T14:59:03","modified_gmt":"2020-03-28T13:59:03","slug":"accueil","status":"publish","type":"page","link":"https:\/\/copieetcreation.fr\/","title":{"rendered":"Accueil"},"content":{"rendered":"<p>Bienvenue sur le site de Copie &amp; Cr\u00e9ation, vous allez d\u00e9couvrir les services propos\u00e9s.<\/p>\n\n\n<figure class=\"wp-block-image size-large\"><img decoding=\"async\" loading=\"lazy\" width=\"1024\" height=\"683\" src=\"http:\/\/copieetcreation.fr\/wp-content\/uploads\/2018\/04\/IMG_8855-1024x683.jpg\" alt=\"La Charit\u00e9-sur-Loire\" class=\"wp-image-40\" srcset=\"https:\/\/copieetcreation.fr\/wp-content\/uploads\/2018\/04\/IMG_8855-1024x683.jpg 1024w, https:\/\/copieetcreation.fr\/wp-content\/uploads\/2018\/04\/IMG_8855-300x200.jpg 300w, https:\/\/copieetcreation.fr\/wp-content\/uploads\/2018\/04\/IMG_8855-768x512.jpg 768w, https:\/\/copieetcreation.fr\/wp-content\/uploads\/2018\/04\/IMG_8855-830x553.jpg 830w, https:\/\/copieetcreation.fr\/wp-content\/uploads\/2018\/04\/IMG_8855-230x153.jpg 230w, https:\/\/copieetcreation.fr\/wp-content\/uploads\/2018\/04\/IMG_8855-350x233.jpg 350w, https:\/\/copieetcreation.fr\/wp-content\/uploads\/2018\/04\/IMG_8855-480x320.jpg 480w\" sizes=\"(max-width: 1024px) 100vw, 1024px\" \/><\/figure>\n","protected":false},"excerpt":{"rendered":"<p>Bienvenue sur le site de Copie &amp; Cr\u00e9ation, vous allez d\u00e9couvrir les services propos\u00e9s.<\/p>\n","protected":false},"author":1,"featured_media":0,"parent":0,"menu_order":0,"comment_status":"closed","ping_status":"closed","template":"","meta":{"site-sidebar-layout":"default","site-content-layout":"default","ast-global-header-display":"","ast-banner-title-visibility":"","ast-main-header-display":"","ast-hfb-above-header-display":"","ast-hfb-below-header-display":"","ast-hfb-mobile-header-display":"","site-post-title":"","ast-breadcrumbs-content":"","ast-featured-img":"","footer-sml-layout":"","theme-transparent-header-meta":"","adv-header-id-meta":"","stick-header-meta":"","header-above-stick-meta":"","header-main-stick-meta":"","header-below-stick-meta":""},"_links":{"self":[{"href":"https:\/\/copieetcreation.fr\/index.php\/wp-json\/wp\/v2\/pages\/7"}],"collection":[{"href":"https:\/\/copieetcreation.fr\/index.php\/wp-json\/wp\/v2\/pages"}],"about":[{"href":"https:\/\/copieetcreation.fr\/index.php\/wp-json\/wp\/v2\/types\/page"}],"author":[{"embeddable":true,"href":"https:\/\/copieetcreation.fr\/index.php\/wp-json\/wp\/v2\/users\/1"}],"replies":[{"embeddable":true,"href":"https:\/\/copieetcreation.fr\/index.php\/wp-json\/wp\/v2\/comments?post=7"}],"version-history":[{"count":4,"href":"https:\/\/copieetcreation.fr\/index.php\/wp-json\/wp\/v2\/pages\/7\/revisions"}],"predecessor-version":[{"id":71,"href":"https:\/\/copieetcreation.fr\/index.php\/wp-json\/wp\/v2\/pages\/7\/revisions\/71"}],"wp:attachment":[{"href":"https:\/\/copieetcreation.fr\/index.php\/wp-json\/wp\/v2\/media?parent=7"}],"curies":[{"name":"wp","href":"https:\/\/api.w.org\/{rel}","templated":true}]}}