{"id":74,"date":"2020-03-28T15:11:42","date_gmt":"2020-03-28T14:11:42","guid":{"rendered":"http:\/\/copieetcreation.fr\/?page_id=74"},"modified":"2023-04-22T04:12:22","modified_gmt":"2023-04-22T02:12:22","slug":"produits","status":"publish","type":"page","link":"https:\/\/copieetcreation.fr\/index.php\/produits\/","title":{"rendered":"Produits"},"content":{"rendered":"\t\t<div data-elementor-type=\"wp-page\" data-elementor-id=\"74\" class=\"elementor elementor-74\" data-elementor-settings=\"[]\">\n\t\t\t<div class=\"elementor-inner\">\n\t\t\t\t<div class=\"elementor-section-wrap\">\n\t\t\t\t\t\t\t<section class=\"elementor-element elementor-element-e9518e1 elementor-section-boxed elementor-section-height-default elementor-section-height-default elementor-section elementor-top-section\" data-id=\"e9518e1\" data-element_type=\"section\">\n\t\t\t\t\t\t<div class=\"elementor-container elementor-column-gap-default\">\n\t\t\t\t<div class=\"elementor-row\">\n\t\t\t\t<div class=\"elementor-element elementor-element-a23b68e elementor-column elementor-col-25 elementor-top-column\" data-id=\"a23b68e\" data-element_type=\"column\">\n\t\t\t<div class=\"elementor-column-wrap  elementor-element-populated\">\n\t\t\t\t\t<div class=\"elementor-widget-wrap\">\n\t\t\t\t<div class=\"elementor-element elementor-element-0b6e7be elementor-widget elementor-widget-image\" data-id=\"0b6e7be\" data-element_type=\"widget\" data-widget_type=\"image.default\">\n\t\t\t\t<div class=\"elementor-widget-container\">\n\t\t\t\t\t<div class=\"elementor-image\">\n\t\t\t\t\t\t\t\t\t\t<img width=\"1024\" height=\"683\" src=\"https:\/\/copieetcreation.fr\/wp-content\/uploads\/2021\/09\/carte-de-visite-1024x683.jpg\" class=\"attachment-large size-large\" alt=\"carte de visite\" decoding=\"async\" loading=\"lazy\" srcset=\"https:\/\/copieetcreation.fr\/wp-content\/uploads\/2021\/09\/carte-de-visite-1024x683.jpg 1024w, https:\/\/copieetcreation.fr\/wp-content\/uploads\/2021\/09\/carte-de-visite-300x200.jpg 300w, https:\/\/copieetcreation.fr\/wp-content\/uploads\/2021\/09\/carte-de-visite-768x512.jpg 768w, https:\/\/copieetcreation.fr\/wp-content\/uploads\/2021\/09\/carte-de-visite-1536x1024.jpg 1536w, https:\/\/copieetcreation.fr\/wp-content\/uploads\/2021\/09\/carte-de-visite-2048x1365.jpg 2048w\" sizes=\"(max-width: 1024px) 100vw, 1024px\" \/>\t\t\t\t\t\t\t\t\t\t\t<\/div>\n\t\t\t\t<\/div>\n\t\t\t\t<\/div>\n\t\t\t\t<div class=\"elementor-element elementor-element-a6ebcc1 elementor-widget elementor-widget-heading\" data-id=\"a6ebcc1\" data-element_type=\"widget\" data-widget_type=\"heading.default\">\n\t\t\t\t<div class=\"elementor-widget-container\">\n\t\t\t<h2 class=\"elementor-heading-title elementor-size-default\">cartes de visite<\/h2>\t\t<\/div>\n\t\t\t\t<\/div>\n\t\t\t\t<div class=\"elementor-element elementor-element-ccc194c elementor-widget elementor-widget-text-editor\" data-id=\"ccc194c\" data-element_type=\"widget\" data-widget_type=\"text-editor.default\">\n\t\t\t\t<div class=\"elementor-widget-container\">\n\t\t\t\t\t<div class=\"elementor-text-editor elementor-clearfix\"><p>Votre carte de visite personnalis\u00e9e suivant une charte graphique que nous pouvons cr\u00e9er ou l&rsquo;impression de votre cr\u00e9ation.<\/p><\/div>\n\t\t\t\t<\/div>\n\t\t\t\t<\/div>\n\t\t\t\t\t\t<\/div>\n\t\t\t<\/div>\n\t\t<\/div>\n\t\t\t\t<div class=\"elementor-element elementor-element-adb3be0 elementor-column elementor-col-25 elementor-top-column\" data-id=\"adb3be0\" data-element_type=\"column\">\n\t\t\t<div class=\"elementor-column-wrap  elementor-element-populated\">\n\t\t\t\t\t<div class=\"elementor-widget-wrap\">\n\t\t\t\t<div class=\"elementor-element elementor-element-b40a6a4 elementor-widget elementor-widget-image\" data-id=\"b40a6a4\" data-element_type=\"widget\" data-widget_type=\"image.default\">\n\t\t\t\t<div class=\"elementor-widget-container\">\n\t\t\t\t\t<div class=\"elementor-image\">\n\t\t\t\t\t\t\t\t\t\t<img width=\"1024\" height=\"614\" src=\"https:\/\/copieetcreation.fr\/wp-content\/uploads\/2018\/04\/espresso-1024x614.jpg\" class=\"attachment-large size-large\" alt=\"\" decoding=\"async\" loading=\"lazy\" srcset=\"https:\/\/copieetcreation.fr\/wp-content\/uploads\/2018\/04\/espresso-1024x614.jpg 1024w, https:\/\/copieetcreation.fr\/wp-content\/uploads\/2018\/04\/espresso-300x180.jpg 300w, https:\/\/copieetcreation.fr\/wp-content\/uploads\/2018\/04\/espresso-768x461.jpg 768w, https:\/\/copieetcreation.fr\/wp-content\/uploads\/2018\/04\/espresso.jpg 2000w\" sizes=\"(max-width: 1024px) 100vw, 1024px\" \/>\t\t\t\t\t\t\t\t\t\t\t<\/div>\n\t\t\t\t<\/div>\n\t\t\t\t<\/div>\n\t\t\t\t<div class=\"elementor-element elementor-element-eff2dbe elementor-widget elementor-widget-heading\" data-id=\"eff2dbe\" data-element_type=\"widget\" data-widget_type=\"heading.default\">\n\t\t\t\t<div class=\"elementor-widget-container\">\n\t\t\t<h2 class=\"elementor-heading-title elementor-size-default\">flyers<\/h2>\t\t<\/div>\n\t\t\t\t<\/div>\n\t\t\t\t<div class=\"elementor-element elementor-element-8eb941a elementor-widget elementor-widget-text-editor\" data-id=\"8eb941a\" data-element_type=\"widget\" data-widget_type=\"text-editor.default\">\n\t\t\t\t<div class=\"elementor-widget-container\">\n\t\t\t\t\t<div class=\"elementor-text-editor elementor-clearfix\"><p>Impression de vos flyers sur supports couch\u00e9 ou non, avec finitions possibles gaufrage, vernis, dorure&#8230;\u00a0<\/p><\/div>\n\t\t\t\t<\/div>\n\t\t\t\t<\/div>\n\t\t\t\t\t\t<\/div>\n\t\t\t<\/div>\n\t\t<\/div>\n\t\t\t\t<div class=\"elementor-element elementor-element-df6ea12 elementor-column elementor-col-25 elementor-top-column\" data-id=\"df6ea12\" data-element_type=\"column\">\n\t\t\t<div class=\"elementor-column-wrap  elementor-element-populated\">\n\t\t\t\t\t<div class=\"elementor-widget-wrap\">\n\t\t\t\t<div class=\"elementor-element elementor-element-cd4366d elementor-widget elementor-widget-image\" data-id=\"cd4366d\" data-element_type=\"widget\" data-widget_type=\"image.default\">\n\t\t\t\t<div class=\"elementor-widget-container\">\n\t\t\t\t\t<div class=\"elementor-image\">\n\t\t\t\t\t\t\t\t\t\t<img width=\"1024\" height=\"614\" src=\"https:\/\/copieetcreation.fr\/wp-content\/uploads\/2018\/04\/espresso-1024x614.jpg\" class=\"attachment-large size-large\" alt=\"\" decoding=\"async\" loading=\"lazy\" srcset=\"https:\/\/copieetcreation.fr\/wp-content\/uploads\/2018\/04\/espresso-1024x614.jpg 1024w, https:\/\/copieetcreation.fr\/wp-content\/uploads\/2018\/04\/espresso-300x180.jpg 300w, https:\/\/copieetcreation.fr\/wp-content\/uploads\/2018\/04\/espresso-768x461.jpg 768w, https:\/\/copieetcreation.fr\/wp-content\/uploads\/2018\/04\/espresso.jpg 2000w\" sizes=\"(max-width: 1024px) 100vw, 1024px\" \/>\t\t\t\t\t\t\t\t\t\t\t<\/div>\n\t\t\t\t<\/div>\n\t\t\t\t<\/div>\n\t\t\t\t<div class=\"elementor-element elementor-element-fc7751d elementor-widget elementor-widget-heading\" data-id=\"fc7751d\" data-element_type=\"widget\" data-widget_type=\"heading.default\">\n\t\t\t\t<div class=\"elementor-widget-container\">\n\t\t\t<h2 class=\"elementor-heading-title elementor-size-default\">Invitations<\/h2>\t\t<\/div>\n\t\t\t\t<\/div>\n\t\t\t\t<div class=\"elementor-element elementor-element-f83d599 elementor-widget elementor-widget-text-editor\" data-id=\"f83d599\" data-element_type=\"widget\" data-widget_type=\"text-editor.default\">\n\t\t\t\t<div class=\"elementor-widget-container\">\n\t\t\t\t\t<div class=\"elementor-text-editor elementor-clearfix\"><p>Impression de vos flyers sur supports couch\u00e9 ou non, avec finitions possibles gaufrage, vernis, dorure&#8230;\u00a0<\/p><\/div>\n\t\t\t\t<\/div>\n\t\t\t\t<\/div>\n\t\t\t\t\t\t<\/div>\n\t\t\t<\/div>\n\t\t<\/div>\n\t\t\t\t<div class=\"elementor-element elementor-element-220948f elementor-column elementor-col-25 elementor-top-column\" data-id=\"220948f\" data-element_type=\"column\">\n\t\t\t<div class=\"elementor-column-wrap  elementor-element-populated\">\n\t\t\t\t\t<div class=\"elementor-widget-wrap\">\n\t\t\t\t<div class=\"elementor-element elementor-element-d724ecc elementor-widget elementor-widget-image\" data-id=\"d724ecc\" data-element_type=\"widget\" data-widget_type=\"image.default\">\n\t\t\t\t<div class=\"elementor-widget-container\">\n\t\t\t\t\t<div class=\"elementor-image\">\n\t\t\t\t\t\t\t\t\t\t<img width=\"1024\" height=\"614\" src=\"https:\/\/copieetcreation.fr\/wp-content\/uploads\/2018\/04\/espresso-1024x614.jpg\" class=\"attachment-large size-large\" alt=\"\" decoding=\"async\" loading=\"lazy\" srcset=\"https:\/\/copieetcreation.fr\/wp-content\/uploads\/2018\/04\/espresso-1024x614.jpg 1024w, https:\/\/copieetcreation.fr\/wp-content\/uploads\/2018\/04\/espresso-300x180.jpg 300w, https:\/\/copieetcreation.fr\/wp-content\/uploads\/2018\/04\/espresso-768x461.jpg 768w, https:\/\/copieetcreation.fr\/wp-content\/uploads\/2018\/04\/espresso.jpg 2000w\" sizes=\"(max-width: 1024px) 100vw, 1024px\" \/>\t\t\t\t\t\t\t\t\t\t\t<\/div>\n\t\t\t\t<\/div>\n\t\t\t\t<\/div>\n\t\t\t\t<div class=\"elementor-element elementor-element-4ed8e97 elementor-widget elementor-widget-heading\" data-id=\"4ed8e97\" data-element_type=\"widget\" data-widget_type=\"heading.default\">\n\t\t\t\t<div class=\"elementor-widget-container\">\n\t\t\t<h2 class=\"elementor-heading-title elementor-size-default\">brochures<\/h2>\t\t<\/div>\n\t\t\t\t<\/div>\n\t\t\t\t<div class=\"elementor-element elementor-element-34ba955 elementor-widget elementor-widget-text-editor\" data-id=\"34ba955\" data-element_type=\"widget\" data-widget_type=\"text-editor.default\">\n\t\t\t\t<div class=\"elementor-widget-container\">\n\t\t\t\t\t<div class=\"elementor-text-editor elementor-clearfix\"><p>Impression de vos brochures sur supports couch\u00e9 ou non, avec finitions possibles , vernis &#8230;\u00a0<\/p><\/div>\n\t\t\t\t<\/div>\n\t\t\t\t<\/div>\n\t\t\t\t\t\t<\/div>\n\t\t\t<\/div>\n\t\t<\/div>\n\t\t\t\t\t\t<\/div>\n\t\t\t<\/div>\n\t\t<\/section>\n\t\t\t\t<section class=\"elementor-element elementor-element-1fa511c elementor-section-boxed elementor-section-height-default elementor-section-height-default elementor-section elementor-top-section\" data-id=\"1fa511c\" data-element_type=\"section\">\n\t\t\t\t\t\t<div class=\"elementor-container elementor-column-gap-default\">\n\t\t\t\t<div class=\"elementor-row\">\n\t\t\t\t<div class=\"elementor-element elementor-element-4d48d48 elementor-column elementor-col-25 elementor-top-column\" data-id=\"4d48d48\" data-element_type=\"column\">\n\t\t\t<div class=\"elementor-column-wrap  elementor-element-populated\">\n\t\t\t\t\t<div class=\"elementor-widget-wrap\">\n\t\t\t\t<div class=\"elementor-element elementor-element-e9b32b4 elementor-widget elementor-widget-image\" data-id=\"e9b32b4\" data-element_type=\"widget\" data-widget_type=\"image.default\">\n\t\t\t\t<div class=\"elementor-widget-container\">\n\t\t\t\t\t<div class=\"elementor-image\">\n\t\t\t\t\t\t\t\t\t\t<img width=\"1024\" height=\"614\" src=\"https:\/\/copieetcreation.fr\/wp-content\/uploads\/2018\/04\/espresso-1024x614.jpg\" class=\"attachment-large size-large\" alt=\"\" decoding=\"async\" loading=\"lazy\" srcset=\"https:\/\/copieetcreation.fr\/wp-content\/uploads\/2018\/04\/espresso-1024x614.jpg 1024w, https:\/\/copieetcreation.fr\/wp-content\/uploads\/2018\/04\/espresso-300x180.jpg 300w, https:\/\/copieetcreation.fr\/wp-content\/uploads\/2018\/04\/espresso-768x461.jpg 768w, https:\/\/copieetcreation.fr\/wp-content\/uploads\/2018\/04\/espresso.jpg 2000w\" sizes=\"(max-width: 1024px) 100vw, 1024px\" \/>\t\t\t\t\t\t\t\t\t\t\t<\/div>\n\t\t\t\t<\/div>\n\t\t\t\t<\/div>\n\t\t\t\t<div class=\"elementor-element elementor-element-b245ba7 elementor-widget elementor-widget-heading\" data-id=\"b245ba7\" data-element_type=\"widget\" data-widget_type=\"heading.default\">\n\t\t\t\t<div class=\"elementor-widget-container\">\n\t\t\t<h2 class=\"elementor-heading-title elementor-size-default\">Menus<\/h2>\t\t<\/div>\n\t\t\t\t<\/div>\n\t\t\t\t<div class=\"elementor-element elementor-element-c120490 elementor-widget elementor-widget-text-editor\" data-id=\"c120490\" data-element_type=\"widget\" data-widget_type=\"text-editor.default\">\n\t\t\t\t<div class=\"elementor-widget-container\">\n\t\t\t\t\t<div class=\"elementor-text-editor elementor-clearfix\"><p>Cr\u00e9ation de votre menu personnalis\u00e9 suivant le th\u00e8me de votre f\u00eate<\/p><\/div>\n\t\t\t\t<\/div>\n\t\t\t\t<\/div>\n\t\t\t\t\t\t<\/div>\n\t\t\t<\/div>\n\t\t<\/div>\n\t\t\t\t<div class=\"elementor-element elementor-element-f9371ad elementor-column elementor-col-25 elementor-top-column\" data-id=\"f9371ad\" data-element_type=\"column\">\n\t\t\t<div class=\"elementor-column-wrap  elementor-element-populated\">\n\t\t\t\t\t<div class=\"elementor-widget-wrap\">\n\t\t\t\t<div class=\"elementor-element elementor-element-bba92e8 elementor-widget elementor-widget-image\" data-id=\"bba92e8\" data-element_type=\"widget\" data-widget_type=\"image.default\">\n\t\t\t\t<div class=\"elementor-widget-container\">\n\t\t\t\t\t<div class=\"elementor-image\">\n\t\t\t\t\t\t\t\t\t\t<img width=\"1024\" height=\"1024\" src=\"https:\/\/copieetcreation.fr\/wp-content\/uploads\/2020\/04\/IMG_93233-1024x1024.jpg\" class=\"attachment-large size-large\" alt=\"ticket avec num\u00e9rotation\" decoding=\"async\" loading=\"lazy\" srcset=\"https:\/\/copieetcreation.fr\/wp-content\/uploads\/2020\/04\/IMG_93233-1024x1024.jpg 1024w, https:\/\/copieetcreation.fr\/wp-content\/uploads\/2020\/04\/IMG_93233-300x300.jpg 300w, https:\/\/copieetcreation.fr\/wp-content\/uploads\/2020\/04\/IMG_93233-150x150.jpg 150w, https:\/\/copieetcreation.fr\/wp-content\/uploads\/2020\/04\/IMG_93233-768x768.jpg 768w, https:\/\/copieetcreation.fr\/wp-content\/uploads\/2020\/04\/IMG_93233-1536x1536.jpg 1536w, https:\/\/copieetcreation.fr\/wp-content\/uploads\/2020\/04\/IMG_93233-2048x2048.jpg 2048w\" sizes=\"(max-width: 1024px) 100vw, 1024px\" \/>\t\t\t\t\t\t\t\t\t\t\t<\/div>\n\t\t\t\t<\/div>\n\t\t\t\t<\/div>\n\t\t\t\t<div class=\"elementor-element elementor-element-1a6b5cb elementor-widget elementor-widget-heading\" data-id=\"1a6b5cb\" data-element_type=\"widget\" data-widget_type=\"heading.default\">\n\t\t\t\t<div class=\"elementor-widget-container\">\n\t\t\t<h2 class=\"elementor-heading-title elementor-size-default\">tickets<\/h2>\t\t<\/div>\n\t\t\t\t<\/div>\n\t\t\t\t<div class=\"elementor-element elementor-element-fcc5e8b elementor-widget elementor-widget-text-editor\" data-id=\"fcc5e8b\" data-element_type=\"widget\" data-widget_type=\"text-editor.default\">\n\t\t\t\t<div class=\"elementor-widget-container\">\n\t\t\t\t\t<div class=\"elementor-text-editor elementor-clearfix\"><p>Tickets avec ou sans num\u00e9rotation, une ou deux d\u00e9coupes, je r\u00e9alise votre maquette et imprime les tickets de tombola, d&rsquo;entr\u00e9e ou pour tout type d&rsquo;\u00e9v\u00e9nements<\/p><\/div>\n\t\t\t\t<\/div>\n\t\t\t\t<\/div>\n\t\t\t\t\t\t<\/div>\n\t\t\t<\/div>\n\t\t<\/div>\n\t\t\t\t<div class=\"elementor-element elementor-element-400e04f elementor-column elementor-col-25 elementor-top-column\" data-id=\"400e04f\" data-element_type=\"column\">\n\t\t\t<div class=\"elementor-column-wrap  elementor-element-populated\">\n\t\t\t\t\t<div class=\"elementor-widget-wrap\">\n\t\t\t\t<div class=\"elementor-element elementor-element-ffd6b81 elementor-widget elementor-widget-image\" data-id=\"ffd6b81\" data-element_type=\"widget\" data-widget_type=\"image.default\">\n\t\t\t\t<div class=\"elementor-widget-container\">\n\t\t\t\t\t<div class=\"elementor-image\">\n\t\t\t\t\t\t\t\t\t\t<img width=\"1024\" height=\"683\" src=\"https:\/\/copieetcreation.fr\/wp-content\/uploads\/2021\/09\/carnet-autocopiant-1024x683.jpg\" class=\"attachment-large size-large\" alt=\"\" decoding=\"async\" loading=\"lazy\" srcset=\"https:\/\/copieetcreation.fr\/wp-content\/uploads\/2021\/09\/carnet-autocopiant-1024x683.jpg 1024w, https:\/\/copieetcreation.fr\/wp-content\/uploads\/2021\/09\/carnet-autocopiant-300x200.jpg 300w, https:\/\/copieetcreation.fr\/wp-content\/uploads\/2021\/09\/carnet-autocopiant-768x512.jpg 768w, https:\/\/copieetcreation.fr\/wp-content\/uploads\/2021\/09\/carnet-autocopiant-1536x1024.jpg 1536w, https:\/\/copieetcreation.fr\/wp-content\/uploads\/2021\/09\/carnet-autocopiant-2048x1365.jpg 2048w\" sizes=\"(max-width: 1024px) 100vw, 1024px\" \/>\t\t\t\t\t\t\t\t\t\t\t<\/div>\n\t\t\t\t<\/div>\n\t\t\t\t<\/div>\n\t\t\t\t<div class=\"elementor-element elementor-element-ecb01ca elementor-widget elementor-widget-heading\" data-id=\"ecb01ca\" data-element_type=\"widget\" data-widget_type=\"heading.default\">\n\t\t\t\t<div class=\"elementor-widget-container\">\n\t\t\t<h2 class=\"elementor-heading-title elementor-size-default\">carnets autocopiant<\/h2>\t\t<\/div>\n\t\t\t\t<\/div>\n\t\t\t\t<div class=\"elementor-element elementor-element-8201792 elementor-widget elementor-widget-text-editor\" data-id=\"8201792\" data-element_type=\"widget\" data-widget_type=\"text-editor.default\">\n\t\t\t\t<div class=\"elementor-widget-container\">\n\t\t\t\t\t<div class=\"elementor-text-editor elementor-clearfix\"><p>Pour tous vos documents n\u00e9cessitant\u00a0 un double ou un triple je peux r\u00e9aliser un carnet ou des liasses<\/p><\/div>\n\t\t\t\t<\/div>\n\t\t\t\t<\/div>\n\t\t\t\t\t\t<\/div>\n\t\t\t<\/div>\n\t\t<\/div>\n\t\t\t\t<div class=\"elementor-element elementor-element-d6abab6 elementor-column elementor-col-25 elementor-top-column\" data-id=\"d6abab6\" data-element_type=\"column\">\n\t\t\t<div class=\"elementor-column-wrap  elementor-element-populated\">\n\t\t\t\t\t<div class=\"elementor-widget-wrap\">\n\t\t\t\t<div class=\"elementor-element elementor-element-6988819 elementor-widget elementor-widget-image\" data-id=\"6988819\" data-element_type=\"widget\" data-widget_type=\"image.default\">\n\t\t\t\t<div class=\"elementor-widget-container\">\n\t\t\t\t\t<div class=\"elementor-image\">\n\t\t\t\t\t\t\t<figure class=\"wp-caption\">\n\t\t\t\t\t\t\t\t\t\t<img width=\"1024\" height=\"944\" src=\"https:\/\/copieetcreation.fr\/wp-content\/uploads\/2020\/04\/invitation-1024x944.jpg\" class=\"attachment-large size-large\" alt=\"Invitation\" decoding=\"async\" loading=\"lazy\" srcset=\"https:\/\/copieetcreation.fr\/wp-content\/uploads\/2020\/04\/invitation-1024x944.jpg 1024w, https:\/\/copieetcreation.fr\/wp-content\/uploads\/2020\/04\/invitation-300x276.jpg 300w, https:\/\/copieetcreation.fr\/wp-content\/uploads\/2020\/04\/invitation-768x708.jpg 768w, https:\/\/copieetcreation.fr\/wp-content\/uploads\/2020\/04\/invitation-1536x1416.jpg 1536w, https:\/\/copieetcreation.fr\/wp-content\/uploads\/2020\/04\/invitation-2048x1887.jpg 2048w\" sizes=\"(max-width: 1024px) 100vw, 1024px\" \/>\t\t\t\t\t\t\t\t\t\t\t<figcaption class=\"widget-image-caption wp-caption-text\"><\/figcaption>\n\t\t\t\t\t\t\t\t\t\t<\/figure>\n\t\t\t\t\t<\/div>\n\t\t\t\t<\/div>\n\t\t\t\t<\/div>\n\t\t\t\t<div class=\"elementor-element elementor-element-f28d9a9 elementor-widget elementor-widget-heading\" data-id=\"f28d9a9\" data-element_type=\"widget\" data-widget_type=\"heading.default\">\n\t\t\t\t<div class=\"elementor-widget-container\">\n\t\t\t<h2 class=\"elementor-heading-title elementor-size-default\">Invitations<\/h2>\t\t<\/div>\n\t\t\t\t<\/div>\n\t\t\t\t<div class=\"elementor-element elementor-element-01e37f3 elementor-widget elementor-widget-text-editor\" data-id=\"01e37f3\" data-element_type=\"widget\" data-widget_type=\"text-editor.default\">\n\t\t\t\t<div class=\"elementor-widget-container\">\n\t\t\t\t\t<div class=\"elementor-text-editor elementor-clearfix\"><p>Impression de vos flyers sur supports couch\u00e9 ou non, avec finitions possibles gaufrage, vernis, dorure&#8230;\u00a0<\/p><\/div>\n\t\t\t\t<\/div>\n\t\t\t\t<\/div>\n\t\t\t\t\t\t<\/div>\n\t\t\t<\/div>\n\t\t<\/div>\n\t\t\t\t\t\t<\/div>\n\t\t\t<\/div>\n\t\t<\/section>\n\t\t\t\t<section class=\"elementor-element elementor-element-20adfca2 elementor-section-content-middle elementor-section-boxed elementor-section-height-default elementor-section-height-default elementor-section elementor-top-section\" data-id=\"20adfca2\" data-element_type=\"section\">\n\t\t\t\t\t\t<div class=\"elementor-container elementor-column-gap-no\">\n\t\t\t\t<div class=\"elementor-row\">\n\t\t\t\t<div class=\"elementor-element elementor-element-2c7fb70 elementor-column elementor-col-100 elementor-top-column\" data-id=\"2c7fb70\" data-element_type=\"column\">\n\t\t\t<div class=\"elementor-column-wrap  elementor-element-populated\">\n\t\t\t\t\t<div class=\"elementor-widget-wrap\">\n\t\t\t\t<div class=\"elementor-element elementor-element-66e46513 elementor-widget elementor-widget-heading\" data-id=\"66e46513\" data-element_type=\"widget\" data-widget_type=\"heading.default\">\n\t\t\t\t<div class=\"elementor-widget-container\">\n\t\t\t<h4 class=\"elementor-heading-title elementor-size-default\">Autres services<\/h4>\t\t<\/div>\n\t\t\t\t<\/div>\n\t\t\t\t<div class=\"elementor-element elementor-element-1abfd0aa elementor-widget elementor-widget-text-editor\" data-id=\"1abfd0aa\" data-element_type=\"widget\" data-widget_type=\"text-editor.default\">\n\t\t\t\t<div class=\"elementor-widget-container\">\n\t\t\t\t\t<div class=\"elementor-text-editor elementor-clearfix\"><\/div>\n\t\t\t\t<\/div>\n\t\t\t\t<\/div>\n\t\t\t\t<section class=\"elementor-element elementor-element-4b165695 elementor-section-content-middle elementor-section-boxed elementor-section-height-default elementor-section-height-default elementor-section elementor-inner-section\" data-id=\"4b165695\" data-element_type=\"section\">\n\t\t\t\t\t\t<div class=\"elementor-container elementor-column-gap-no\">\n\t\t\t\t<div class=\"elementor-row\">\n\t\t\t\t<div class=\"elementor-element elementor-element-784dda0f elementor-column elementor-col-33 elementor-inner-column\" data-id=\"784dda0f\" data-element_type=\"column\">\n\t\t\t<div class=\"elementor-column-wrap  elementor-element-populated\">\n\t\t\t\t\t<div class=\"elementor-widget-wrap\">\n\t\t\t\t<div class=\"elementor-element elementor-element-44a134e0 elementor-widget elementor-widget-heading\" data-id=\"44a134e0\" data-element_type=\"widget\" data-widget_type=\"heading.default\">\n\t\t\t\t<div class=\"elementor-widget-container\">\n\t\t\t<h3 class=\"elementor-heading-title elementor-size-default\">conception graphique<\/h3>\t\t<\/div>\n\t\t\t\t<\/div>\n\t\t\t\t<div class=\"elementor-element elementor-element-341f7a elementor-widget elementor-widget-text-editor\" data-id=\"341f7a\" data-element_type=\"widget\" data-widget_type=\"text-editor.default\">\n\t\t\t\t<div class=\"elementor-widget-container\">\n\t\t\t\t\t<div class=\"elementor-text-editor elementor-clearfix\"><p>Nous sommes en capacit\u00e9 de vous assister pour la cr\u00e9ation de vos documents \u00e0 partir de votre premi\u00e8re id\u00e9e jusqu&rsquo;au r\u00e9sultat final.<\/p><\/div>\n\t\t\t\t<\/div>\n\t\t\t\t<\/div>\n\t\t\t\t\t\t<\/div>\n\t\t\t<\/div>\n\t\t<\/div>\n\t\t\t\t<div class=\"elementor-element elementor-element-327b0448 elementor-column elementor-col-33 elementor-inner-column\" data-id=\"327b0448\" data-element_type=\"column\">\n\t\t\t<div class=\"elementor-column-wrap  elementor-element-populated\">\n\t\t\t\t\t<div class=\"elementor-widget-wrap\">\n\t\t\t\t<div class=\"elementor-element elementor-element-425bfd91 elementor-widget elementor-widget-heading\" data-id=\"425bfd91\" data-element_type=\"widget\" data-widget_type=\"heading.default\">\n\t\t\t\t<div class=\"elementor-widget-container\">\n\t\t\t<h3 class=\"elementor-heading-title elementor-size-default\">retouche<\/h3>\t\t<\/div>\n\t\t\t\t<\/div>\n\t\t\t\t<div class=\"elementor-element elementor-element-79778e81 elementor-widget elementor-widget-text-editor\" data-id=\"79778e81\" data-element_type=\"widget\" data-widget_type=\"text-editor.default\">\n\t\t\t\t<div class=\"elementor-widget-container\">\n\t\t\t\t\t<div class=\"elementor-text-editor elementor-clearfix\"><p>Vous \u00eates de plus en plus nombreux \u00e0 me demander des retouches et reproductions de documents anciens je suis en mesure de faire une copie, retouche et restauration pour mettre en valeur vos vieilles images ou documents<\/p><\/div>\n\t\t\t\t<\/div>\n\t\t\t\t<\/div>\n\t\t\t\t\t\t<\/div>\n\t\t\t<\/div>\n\t\t<\/div>\n\t\t\t\t<div class=\"elementor-element elementor-element-2bc07a01 elementor-column elementor-col-33 elementor-inner-column\" data-id=\"2bc07a01\" data-element_type=\"column\">\n\t\t\t<div class=\"elementor-column-wrap  elementor-element-populated\">\n\t\t\t\t\t<div class=\"elementor-widget-wrap\">\n\t\t\t\t<div class=\"elementor-element elementor-element-6d609f16 elementor-widget elementor-widget-heading\" data-id=\"6d609f16\" data-element_type=\"widget\" data-widget_type=\"heading.default\">\n\t\t\t\t<div class=\"elementor-widget-container\">\n\t\t\t<h3 class=\"elementor-heading-title elementor-size-default\">NUMERISATION<\/h3>\t\t<\/div>\n\t\t\t\t<\/div>\n\t\t\t\t<div class=\"elementor-element elementor-element-29f143e9 elementor-widget elementor-widget-text-editor\" data-id=\"29f143e9\" data-element_type=\"widget\" data-widget_type=\"text-editor.default\">\n\t\t\t\t<div class=\"elementor-widget-container\">\n\t\t\t\t\t<div class=\"elementor-text-editor elementor-clearfix\"><p>Je r\u00e9alise la num\u00e9risation de vos documents pour l&rsquo;archivage ou le partage.<\/p><\/div>\n\t\t\t\t<\/div>\n\t\t\t\t<\/div>\n\t\t\t\t\t\t<\/div>\n\t\t\t<\/div>\n\t\t<\/div>\n\t\t\t\t\t\t<\/div>\n\t\t\t<\/div>\n\t\t<\/section>\n\t\t\t\t\t\t<\/div>\n\t\t\t<\/div>\n\t\t<\/div>\n\t\t\t\t\t\t<\/div>\n\t\t\t<\/div>\n\t\t<\/section>\n\t\t\t\t\t\t<\/div>\n\t\t\t<\/div>\n\t\t<\/div>\n\t\t","protected":false},"excerpt":{"rendered":"<p>cartes de visite Votre carte de visite personnalis\u00e9e suivant une charte graphique que nous pouvons cr\u00e9er ou l&rsquo;impression de votre cr\u00e9ation. flyers Impression de vos flyers sur supports couch\u00e9 ou non, avec finitions possibles gaufrage, vernis, dorure&#8230;&nbsp; Invitations Impression de vos flyers sur supports couch\u00e9 ou non, avec finitions possibles gaufrage, vernis, dorure&#8230;&nbsp; brochures Impression &hellip;<\/p>\n<p class=\"read-more\"> <a class=\"\" href=\"https:\/\/copieetcreation.fr\/index.php\/produits\/\"> <span class=\"screen-reader-text\">Produits<\/span> Lire la suite\u00a0\u00bb<\/a><\/p>\n","protected":false},"author":1,"featured_media":0,"parent":0,"menu_order":0,"comment_status":"closed","ping_status":"closed","template":"","meta":{"site-sidebar-layout":"default","site-content-layout":"default","ast-global-header-display":"","ast-banner-title-visibility":"","ast-main-header-display":"","ast-hfb-above-header-display":"","ast-hfb-below-header-display":"","ast-hfb-mobile-header-display":"","site-post-title":"","ast-breadcrumbs-content":"","ast-featured-img":"","footer-sml-layout":"","theme-transparent-header-meta":"","adv-header-id-meta":"","stick-header-meta":"","header-above-stick-meta":"","header-main-stick-meta":"","header-below-stick-meta":""},"_links":{"self":[{"href":"https:\/\/copieetcreation.fr\/index.php\/wp-json\/wp\/v2\/pages\/74"}],"collection":[{"href":"https:\/\/copieetcreation.fr\/index.php\/wp-json\/wp\/v2\/pages"}],"about":[{"href":"https:\/\/copieetcreation.fr\/index.php\/wp-json\/wp\/v2\/types\/page"}],"author":[{"embeddable":true,"href":"https:\/\/copieetcreation.fr\/index.php\/wp-json\/wp\/v2\/users\/1"}],"replies":[{"embeddable":true,"href":"https:\/\/copieetcreation.fr\/index.php\/wp-json\/wp\/v2\/comments?post=74"}],"version-history":[{"count":29,"href":"https:\/\/copieetcreation.fr\/index.php\/wp-json\/wp\/v2\/pages\/74\/revisions"}],"predecessor-version":[{"id":149,"href":"https:\/\/copieetcreation.fr\/index.php\/wp-json\/wp\/v2\/pages\/74\/revisions\/149"}],"wp:attachment":[{"href":"https:\/\/copieetcreation.fr\/index.php\/wp-json\/wp\/v2\/media?parent=74"}],"curies":[{"name":"wp","href":"https:\/\/api.w.org\/{rel}","templated":true}]}}